{"id":76,"date":"2025-01-15T03:15:52","date_gmt":"2025-01-15T03:15:52","guid":{"rendered":"https:\/\/olasdepaz.online\/site\/about-2\/"},"modified":"2025-05-15T11:05:05","modified_gmt":"2025-05-15T03:05:05","slug":"sobre-mi","status":"publish","type":"page","link":"https:\/\/olasdepaz.online\/site\/sobre-mi\/","title":{"rendered":"Sobre M\u00ed"},"content":{"rendered":"\n\n\n\n\n\n\n<p>Qui\u00e9n es Mariano<\/p>\n\n\n\n<p>Soy Mariano Cardillo, un meditador con 27 a\u00f1os de experiencia en la t\u00e9cnica del Raja Yoga. Mi viaje espiritual comenz\u00f3 en 1997, inspirado por encuentros con seguidores de prominentes figuras como Sai Baba y Fabio Zerpa.<\/p>\n\n\n\n\n\n<p><br>C\u00f3mo empec\u00e9 a meditar<\/p>\n\n\n\n<p>Un d\u00eda, en una librer\u00eda esot\u00e9rica de Buenos Aires, un amigo me mostr\u00f3 el libro \u00abRaja Yoga, la conquista de la naturaleza inferior\u00bb de Swami Vivekananda. Desde entonces, la pr\u00e1ctica del Raja Yoga ha transformado mi vida, llev\u00e1ndome a unirme a Brahma Kumaris.<br><\/p>\n\n\n\n\n\n<p>Agradecimientos<\/p>\n\n\n\n<p>Hoy, contin\u00fao practicando y compartiendo los principios de esta meditaci\u00f3n con mis seres queridos. Soy hijo de una maestra y un militar, y a ambos les debo una parte fundamental de lo que soy hoy en d\u00eda.\ud83d\ude09<\/p>\n\n\n\n\n\n<p class=\"has-text-align-center has-large-font-size\"><strong>Descarga Nuestra Gu\u00eda en tu Email<\/strong>:<\/p>\n\n\n\n<div class=\"wp-block-columns has-background is-layout-flex wp-container-core-columns-is-layout-9d6595d7 wp-block-columns-is-layout-flex\" style=\"background-color:#e28c1d\">\n<div class=\"wp-block-column is-layout-flow wp-block-column-is-layout-flow\"><div class=\"wp-block-image\">\n<figure class=\"alignright size-full\"><img loading=\"lazy\" decoding=\"async\" width=\"380\" height=\"511\" src=\"https:\/\/olasdepaz.online\/site\/wp-content\/uploads\/2025\/02\/Captura-de-pantalla-48.png\" alt=\"\" class=\"wp-image-5953\" srcset=\"https:\/\/olasdepaz.online\/site\/wp-content\/uploads\/2025\/02\/Captura-de-pantalla-48.png 380w, https:\/\/olasdepaz.online\/site\/wp-content\/uploads\/2025\/02\/Captura-de-pantalla-48-223x300.png 223w\" sizes=\"auto, (max-width: 380px) 100vw, 380px\" \/><\/figure>\n<\/div><\/div>\n\n\n\n<div class=\"wp-block-column is-vertically-aligned-center is-layout-flow wp-block-column-is-layout-flow\">\n<script>const formData = 'eyJGb3JtSWQiOiIyNDYwMDA1MiIsIk1haWxTZXJpZUlkIjoiMjQzMzM2OTkiLCJTaG93Q291bnQiOiI0MCIsIlN1Ym1pc3Npb25zIjoiMyIsIk5hbWUiOiJGb3JtOUI0ZGEwY2EiLCJJc0RvdWJsZU9wdEluIjoiMSIsIlBhc3NGb3JtRGF0YSI6IjAiLCJGb3JtRmllbGRzIjp7IkZpcnN0TmFtZSI6eyJ2YWx1ZSI6IkZpcnN0IE5hbWUiLCJjaGVja2VkIjoxLCJyZXF1aXJlZCI6MX0sIkxhc3ROYW1lIjp7InZhbHVlIjoiTGFzdCBOYW1lIiwiY2hlY2tlZCI6MSwicmVxdWlyZWQiOjF9LCJGdWxsTmFtZSI6eyJ2YWx1ZSI6Ik5vbWJyZSBDb21wbGV0byIsImNoZWNrZWQiOjAsInJlcXVpcmVkIjowfSwiRW1haWwiOnsidmFsdWUiOiJQb3IgZmF2b3IgaW50cm9kdWNlIHR1IGVtYWlsIiwiY2hlY2tlZCI6MSwicmVxdWlyZWQiOjF9fSwiVGhhbmt5b3VQYWdlIjoiaHR0cHM6XC9cL01hcmlhbm9DYXJkaWxsby5nb2d2by5jb21cL2d2b3RoYW5reW91XC8zXC8iLCJTaWduZWRVcFBhZ2UiOiJodHRwczpcL1wvbWNhcmRpbGxvbWt0ZGlnaXRhbC5kb3Rjb21wYWwuY29cL2NvbmZpcm1hY2lvbi1tZWRpdGFjaW4taGFiaWxpZGFkLWlubmF0YSIsIlRyYWNrZXJOYW1lIjoiMCIsIk9wdGluU2VuZHMiOiIzIiwiT3B0aW5GYWlsZWQiOiIwIiwiU3VibWl0VmFsdWUiOiJFbnZpYXIgRGF0b3MiLCJVc2VkSW4iOiIiLCJFcnJvciI6IiIsIkFjdGlvbiI6Imh0dHBzOlwvXC9nb2d2by5jb21cL3N1YnNjcmliZS5waHAiLCJDYW1wYWlnbkNvZGUiOiJkNDE0NGQwZmQzZGYiLCJBZmZpbGlhdGVOYW1lIjoiTWFyaWFub0NhcmRpbGxvIiwiSW1hZ2VTcmMiOiJodHRwczpcL1wvZ29ndm8uY29tXC9zaG93X2Zvcm0ucGhwP2lkPTI0NjAwMDUyJlRyYWNrUGFyYW09bmV3X2Zvcm0ifQ==';<\/script>\n<script src='https:\/\/gogvo.com\/js\/generate_form.js'><\/script>\n<div id='24600052-form'><\/div>\n<\/div>\n<\/div>\n\n\n\n\n\n\n\n<h1>Destacado del Blog<\/h1>\n\n\n\n\n\n\n\n\n\n\n\n<h1>Testimonio de una lectora<\/h1>\n\n\n\n\n<i class=\"fas fa-quote-left\"><\/i>\n\n\n\n\n\n\n<p><\/p>\n","protected":false},"excerpt":{"rendered":"<p>Descarga Nuestra Gu\u00eda en tu Email:<\/p>\n","protected":false},"author":1,"featured_media":0,"parent":0,"menu_order":3,"comment_status":"closed","ping_status":"closed","template":"","meta":{"pagelayer_contact_templates":[],"_pagelayer_content":"","footnotes":""},"class_list":["post-76","page","type-page","status-publish","hentry"],"jetpack_sharing_enabled":true,"_links":{"self":[{"href":"https:\/\/olasdepaz.online\/site\/wp-json\/wp\/v2\/pages\/76","targetHints":{"allow":["GET"]}}],"collection":[{"href":"https:\/\/olasdepaz.online\/site\/wp-json\/wp\/v2\/pages"}],"about":[{"href":"https:\/\/olasdepaz.online\/site\/wp-json\/wp\/v2\/types\/page"}],"author":[{"embeddable":true,"href":"https:\/\/olasdepaz.online\/site\/wp-json\/wp\/v2\/users\/1"}],"replies":[{"embeddable":true,"href":"https:\/\/olasdepaz.online\/site\/wp-json\/wp\/v2\/comments?post=76"}],"version-history":[{"count":32,"href":"https:\/\/olasdepaz.online\/site\/wp-json\/wp\/v2\/pages\/76\/revisions"}],"predecessor-version":[{"id":6067,"href":"https:\/\/olasdepaz.online\/site\/wp-json\/wp\/v2\/pages\/76\/revisions\/6067"}],"wp:attachment":[{"href":"https:\/\/olasdepaz.online\/site\/wp-json\/wp\/v2\/media?parent=76"}],"curies":[{"name":"wp","href":"https:\/\/api.w.org\/{rel}","templated":true}]}}